{"id":126,"date":"2018-02-23T11:26:31","date_gmt":"2018-02-23T11:26:31","guid":{"rendered":"http:\/\/sigbetonarmee.com\/?page_id=126"},"modified":"2024-10-29T09:24:27","modified_gmt":"2024-10-29T08:24:27","slug":"contact","status":"publish","type":"page","link":"http:\/\/sigbetonarmee.com\/?page_id=126","title":{"rendered":"Contact"},"content":{"rendered":"<p><section class=\"kc-elm kc-css-98902 kc_row\"><div class=\"kc-row-container  kc-container\"><div class=\"kc-wrap-columns\"><div class=\"kc-elm kc-css-365165 kc_col-sm-6 kc_column kc_col-sm-6\"><div class=\"kc-col-container\"><div class=\"kc-elm kc-css-331179 kc_text_block\"><\/p>\n<h3><span style=\"color: #000080;\"><em><strong>Nos coordonn\u00e9s:<\/strong><\/em><\/span><\/h3>\n<table>\n<tbody>\n<tr>\n<td><img loading=\"lazy\" decoding=\"async\" class=\"alignleft size-medium\" src=\"http:\/\/sigbetonarmee.com\/wp-content\/uploads\/2018\/02\/adresse.png\" alt=\"\" width=\"50\" height=\"50\" \/><\/td>\n<td><strong>Cit\u00e9 Seltene Km 24<\/strong><br \/><strong>Route de sousse<\/strong><\/td>\n<\/tr>\n<tr>\n<td><img loading=\"lazy\" decoding=\"async\" class=\"alignleft size-medium\" src=\"http:\/\/sigbetonarmee.com\/wp-content\/uploads\/2018\/02\/TEL.png\" alt=\"\" width=\"50\" height=\"50\" \/><\/td>\n<td><strong>72 399 064<\/strong><\/td>\n<\/tr>\n<tr>\n<td><img loading=\"lazy\" decoding=\"async\" class=\"alignleft size-medium\" src=\"http:\/\/sigbetonarmee.com\/wp-content\/uploads\/2018\/02\/FAX.png\" alt=\"\" width=\"50\" height=\"50\" \/><\/td>\n<td><strong>72 399 058<\/strong><\/td>\n<\/tr>\n<tr>\n<td><img loading=\"lazy\" decoding=\"async\" class=\"alignleft size-medium\" src=\"http:\/\/sigbetonarmee.com\/wp-content\/uploads\/2018\/02\/EMAIL.png\" alt=\"\" width=\"50\" height=\"50\" \/><\/td>\n<td>\n<p><strong>contact@sigbetonarmee.com<\/strong><\/p>\n<p><strong> infosigbetonarmee@gmail.com<\/strong><\/p>\n<\/td>\n<\/tr>\n<\/tbody>\n<\/table>\n<p>\n<\/div><\/div><\/div><div class=\"kc-elm kc-css-432081 kc_col-sm-6 kc_column kc_col-sm-6\"><div class=\"kc-col-container\"><h1 class=''>MAP<\/h1>        <script type=\"text\/javascript\">\n            google.maps.event.addDomListener(window, 'load', function () {\n                var map = new google.maps.Map(document.getElementById(\"srm_gmp_embed_1\"), {\n                    center: new google.maps.LatLng(36.693623,10.414825),\n                    zoom:13,\n                    mapTypeId: google.maps.MapTypeId.ROADMAP,\n                    scrollwheel: '1'\n                });\n\n                \/\/ To view directions form and data\n                                \/\/=========Direction view end\n\n                var marker = new google.maps.Marker({\n                    position: new google.maps.LatLng(36.693623,10.414825),\n                    map: map,\n                    animation: google.maps.Animation.DROP\n                });\n                marker.setMap(map);\n                                var infowindow = new google.maps.InfoWindow({\n                    content: \"SIG BETON ARMEE , N1, Cit\u00e9 Seltenne, Tunisie\"\n                });\n                infowindow.open(map, marker);\n                google.maps.event.addListener(marker, 'click', function () {\n                    infowindow.open(map, marker);\n                });\n                \n            });\n\n\n        <\/script>\n\n\n        <div id=\"srm_gmp_embed_1\"\n             style=\"width:100% !important;height:300px  !important;margin:5px 0; \">\n\n        <\/div>\n                <\/div><\/div><\/div><\/div><\/section><section class=\"kc-elm kc-css-982716 kc_row\"><div class=\"kc-row-container  kc-container\"><div class=\"kc-wrap-columns\"><div class=\"kc-elm kc-css-246066 kc_col-of-5 kc_column kc_col-of-5\"><div class=\"kc-col-container\"><\/div><\/div><div class=\"kc-elm kc-css-451211 kc_col-sm-7 kc_column kc_col-sm-7\"><div class=\"kc-col-container\"><div class=\"kc-elm kc-css-170021 kc_text_block\"><\/p>\n<h2><span style=\"color: #000080;\"><em><strong>Contactez nous<\/strong><\/em><\/span><\/h2>\n<p>\n<\/div><div role=\"form\" class=\"wpcf7\" id=\"wpcf7-f135-o1\" lang=\"fr-FR\" dir=\"ltr\">\n<div class=\"screen-reader-response\"><\/div>\n<form action=\"\/index.php?rest_route=%2Fwp%2Fv2%2Fpages%2F126#wpcf7-f135-o1\" method=\"post\" class=\"wpcf7-form\" novalidate=\"novalidate\">\n<div style=\"display: none;\">\n<input type=\"hidden\" name=\"_wpcf7\" value=\"135\" \/>\n<input type=\"hidden\" name=\"_wpcf7_version\" value=\"5.0\" \/>\n<input type=\"hidden\" name=\"_wpcf7_locale\" value=\"fr_FR\" \/>\n<input type=\"hidden\" name=\"_wpcf7_unit_tag\" value=\"wpcf7-f135-o1\" \/>\n<input type=\"hidden\" name=\"_wpcf7_container_post\" value=\"0\" \/>\n<\/div>\n<p><label> Votre nom (obligatoire)<br \/>\n    <span class=\"wpcf7-form-control-wrap your-name\"><input type=\"text\" name=\"your-name\" value=\"\" size=\"40\" class=\"wpcf7-form-control wpcf7-text wpcf7-validates-as-required\" aria-required=\"true\" aria-invalid=\"false\" \/><\/span> <\/label><br \/>\n<label> Nom de la soci\u00e9t\u00e9 (obligatoire)<br \/>\n    <span class=\"wpcf7-form-control-wrap your-name\"><input type=\"text\" name=\"your-name\" value=\"\" size=\"40\" class=\"wpcf7-form-control wpcf7-text wpcf7-validates-as-required\" aria-required=\"true\" aria-invalid=\"false\" \/><\/span> <\/label><br \/>\n<label> Votre adresse de messagerie (obligatoire)<br \/>\n    <span class=\"wpcf7-form-control-wrap your-email\"><input type=\"email\" name=\"your-email\" value=\"\" size=\"40\" class=\"wpcf7-form-control wpcf7-text wpcf7-email wpcf7-validates-as-required wpcf7-validates-as-email\" aria-required=\"true\" aria-invalid=\"false\" \/><\/span> <\/label><br \/>\n<label> T\u00e9l (obligatoire)<br \/>\n    <span class=\"wpcf7-form-control-wrap tel-459\"><input type=\"tel\" name=\"tel-459\" value=\"\" size=\"40\" class=\"wpcf7-form-control wpcf7-text wpcf7-tel wpcf7-validates-as-required wpcf7-validates-as-tel\" aria-required=\"true\" aria-invalid=\"false\" \/><\/span><\/label><\/p>\n<p><label> Objet<br \/>\n    <span class=\"wpcf7-form-control-wrap your-subject\"><input type=\"text\" name=\"your-subject\" value=\"\" size=\"40\" class=\"wpcf7-form-control wpcf7-text\" aria-invalid=\"false\" \/><\/span> <\/label><\/p>\n<p><label> Votre message<br \/>\n    <span class=\"wpcf7-form-control-wrap your-message\"><textarea name=\"your-message\" cols=\"40\" rows=\"10\" class=\"wpcf7-form-control wpcf7-textarea\" aria-invalid=\"false\"><\/textarea><\/span> <\/label><\/p>\n<p><input type=\"submit\" value=\"Envoyer\" class=\"wpcf7-form-control wpcf7-submit\" \/><\/p>\n<div class=\"wpcf7-form-control-wrap\"><div data-sitekey=\"6LdJmm8qAAAAAMKw2Hv3MwQklp9lfmeFn6ijdLna\" class=\"wpcf7-form-control g-recaptcha wpcf7-recaptcha\"><\/div>\n<noscript>\n\t<div style=\"width: 302px; height: 422px;\">\n\t\t<div style=\"width: 302px; height: 422px; position: relative;\">\n\t\t\t<div style=\"width: 302px; height: 422px; position: absolute;\">\n\t\t\t\t<iframe src=\"https:\/\/www.google.com\/recaptcha\/api\/fallback?k=6LdJmm8qAAAAAMKw2Hv3MwQklp9lfmeFn6ijdLna\" frameborder=\"0\" scrolling=\"no\" style=\"width: 302px; height:422px; border-style: none;\">\n\t\t\t\t<\/iframe>\n\t\t\t<\/div>\n\t\t\t<div style=\"width: 300px; height: 60px; border-style: none; bottom: 12px; left: 25px; margin: 0px; padding: 0px; right: 25px; background: #f9f9f9; border: 1px solid #c1c1c1; border-radius: 3px;\">\n\t\t\t\t<textarea id=\"g-recaptcha-response\" name=\"g-recaptcha-response\" class=\"g-recaptcha-response\" style=\"width: 250px; height: 40px; border: 1px solid #c1c1c1; margin: 10px 25px; padding: 0px; resize: none;\">\n\t\t\t\t<\/textarea>\n\t\t\t<\/div>\n\t\t<\/div>\n\t<\/div>\n<\/noscript>\n<\/div><br \/>\n<div class=\"wpcf7-response-output wpcf7-display-none\"><\/div><\/form><\/div><\/div><\/div><div class=\"kc-elm kc-css-2662 kc_col-of-5 kc_column kc_col-of-5\"><div class=\"kc-col-container\"><\/div><\/div><\/div><\/div><\/section><\/p>\n","protected":false},"excerpt":{"rendered":"<p>Nos coordonn\u00e9s: Cit\u00e9 Seltene Km 24Route de sousse 72 399 064 72 399 058 contact@sigbetonarmee.com infosigbetonarmee@gmail.com MAP Contactez nous Votre nom (obligatoire) Nom de la soci\u00e9t\u00e9 (obligatoire) Votre adresse de messagerie (obligatoire) T\u00e9l (obligatoire) Objet Votre message<\/p>\n","protected":false},"author":1,"featured_media":0,"parent":0,"menu_order":0,"comment_status":"closed","ping_status":"closed","template":"","meta":{"footnotes":""},"class_list":["post-126","page","type-page","status-publish","hentry","description-off"],"_links":{"self":[{"href":"http:\/\/sigbetonarmee.com\/index.php?rest_route=\/wp\/v2\/pages\/126"}],"collection":[{"href":"http:\/\/sigbetonarmee.com\/index.php?rest_route=\/wp\/v2\/pages"}],"about":[{"href":"http:\/\/sigbetonarmee.com\/index.php?rest_route=\/wp\/v2\/types\/page"}],"author":[{"embeddable":true,"href":"http:\/\/sigbetonarmee.com\/index.php?rest_route=\/wp\/v2\/users\/1"}],"replies":[{"embeddable":true,"href":"http:\/\/sigbetonarmee.com\/index.php?rest_route=%2Fwp%2Fv2%2Fcomments&post=126"}],"version-history":[{"count":13,"href":"http:\/\/sigbetonarmee.com\/index.php?rest_route=\/wp\/v2\/pages\/126\/revisions"}],"predecessor-version":[{"id":1121,"href":"http:\/\/sigbetonarmee.com\/index.php?rest_route=\/wp\/v2\/pages\/126\/revisions\/1121"}],"wp:attachment":[{"href":"http:\/\/sigbetonarmee.com\/index.php?rest_route=%2Fwp%2Fv2%2Fmedia&parent=126"}],"curies":[{"name":"wp","href":"https:\/\/api.w.org\/{rel}","templated":true}]}}