{"id":208,"date":"2018-06-29T16:56:49","date_gmt":"2018-06-29T16:56:49","guid":{"rendered":"http:\/\/sigbetonarmee.com\/?page_id=208"},"modified":"2018-08-16T13:38:45","modified_gmt":"2018-08-16T13:38:45","slug":"a-propos","status":"publish","type":"page","link":"http:\/\/sigbetonarmee.com\/?page_id=208","title":{"rendered":"A propos"},"content":{"rendered":"<p>soci\u00e9t\u00e9 \u00a0familiale fond\u00e9e \u00a0en 2003 \u00a0sp\u00e9cialiste dans la pr\u00e9fabrication des \u00e9l\u00e9ments en b\u00e9ton pr\u00e9fabriqu\u00e9e type assainissement et environnement \u00a0nous utilisant des meilleures technologies du b\u00e9ton. Avec nos \u00e9quipements de haute technologie, nous travaillons avec tous les types de b\u00e9ton\u00a0 pour toujours vous offrir un produit de qualit\u00e9 adapt\u00e9 \u00e0 vos besoins.<br \/>\n<img loading=\"lazy\" decoding=\"async\" class=\"size-full wp-image-640 aligncenter\" src=\"http:\/\/sigbetonarmee.com\/wp-content\/uploads\/2018\/08\/S6-EDGE-152.jpg\" alt=\"\" width=\"976\" height=\"563\" srcset=\"http:\/\/sigbetonarmee.com\/wp-content\/uploads\/2018\/08\/S6-EDGE-152.jpg 976w, http:\/\/sigbetonarmee.com\/wp-content\/uploads\/2018\/08\/S6-EDGE-152-600x346.jpg 600w, http:\/\/sigbetonarmee.com\/wp-content\/uploads\/2018\/08\/S6-EDGE-152-300x173.jpg 300w, http:\/\/sigbetonarmee.com\/wp-content\/uploads\/2018\/08\/S6-EDGE-152-768x443.jpg 768w\" sizes=\"(max-width: 976px) 100vw, 976px\" \/><br \/>\n<strong>notre soci\u00e9t\u00e9 \u00a0reste \u00e0 votre enti\u00e8re disposition pour de plus amples informations concernant notre stock .<\/strong><\/p>\n<p><span style=\"color: #ff0000;\"><em>\u00ab Notre objectif : assurer votre satisfaction en vous proposant des produits en b\u00e9ton pr\u00e9fabriqu\u00e9s adapt\u00e9s \u00e0 votre chantier, r\u00e9sistants et durables dans le temps avec une grande facilit\u00e9 de mise en \u0153uvre.\u00bb<\/em><\/span><\/p>\n","protected":false},"excerpt":{"rendered":"<p>soci\u00e9t\u00e9 \u00a0familiale fond\u00e9e \u00a0en 2003 \u00a0sp\u00e9cialiste dans la pr\u00e9fabrication des \u00e9l\u00e9ments en b\u00e9ton pr\u00e9fabriqu\u00e9e type assainissement et environnement \u00a0nous utilisant des meilleures technologies du b\u00e9ton. Avec nos \u00e9quipements de haute technologie, nous travaillons avec tous les types de b\u00e9ton\u00a0 pour toujours vous offrir un produit de qualit\u00e9 adapt\u00e9 \u00e0 vos besoins. notre soci\u00e9t\u00e9 \u00a0reste \u00e0&hellip;<\/p>\n","protected":false},"author":1,"featured_media":0,"parent":0,"menu_order":0,"comment_status":"closed","ping_status":"closed","template":"","meta":{"footnotes":""},"class_list":["post-208","page","type-page","status-publish","hentry","description-off"],"_links":{"self":[{"href":"http:\/\/sigbetonarmee.com\/index.php?rest_route=\/wp\/v2\/pages\/208"}],"collection":[{"href":"http:\/\/sigbetonarmee.com\/index.php?rest_route=\/wp\/v2\/pages"}],"about":[{"href":"http:\/\/sigbetonarmee.com\/index.php?rest_route=\/wp\/v2\/types\/page"}],"author":[{"embeddable":true,"href":"http:\/\/sigbetonarmee.com\/index.php?rest_route=\/wp\/v2\/users\/1"}],"replies":[{"embeddable":true,"href":"http:\/\/sigbetonarmee.com\/index.php?rest_route=%2Fwp%2Fv2%2Fcomments&post=208"}],"version-history":[{"count":9,"href":"http:\/\/sigbetonarmee.com\/index.php?rest_route=\/wp\/v2\/pages\/208\/revisions"}],"predecessor-version":[{"id":860,"href":"http:\/\/sigbetonarmee.com\/index.php?rest_route=\/wp\/v2\/pages\/208\/revisions\/860"}],"wp:attachment":[{"href":"http:\/\/sigbetonarmee.com\/index.php?rest_route=%2Fwp%2Fv2%2Fmedia&parent=208"}],"curies":[{"name":"wp","href":"https:\/\/api.w.org\/{rel}","templated":true}]}}