{"id":504,"date":"2018-07-19T08:43:57","date_gmt":"2018-07-19T08:43:57","guid":{"rendered":"http:\/\/sigbetonarmee.com\/?product=blocs-20-20-50"},"modified":"2018-08-13T12:51:21","modified_gmt":"2018-08-13T12:51:21","slug":"blocs-20-20-50","status":"publish","type":"product","link":"http:\/\/sigbetonarmee.com\/?product=blocs-20-20-50","title":{"rendered":"BLOCS 20\/20\/50"},"content":{"rendered":"","protected":false},"excerpt":{"rendered":"<p><strong>BLOCS 20\/20\/50<\/strong><\/p>\n<p>La solution constructive intelligente pour tous types de b\u00e2timent<\/p>\n<p>Longueur = 50 cm<\/p>\n<p>Largeur = 20 cm<\/p>\n<p>Hauteur = 20 cm<\/p>\n<p>Poids : 19 kg<\/p>\n<p><em><strong>SP\u00c9CIFICATIONS:<\/strong><\/em><br \/>\nLes blocs en b\u00e9ton pr\u00e9fabriqu\u00e9 sont des produits aux composants 100% naturels, recyclables et respectant l&rsquo;environnement<\/p>\n","protected":false},"featured_media":532,"template":"","meta":[],"product_cat":[22],"product_tag":[],"class_list":{"0":"post-504","1":"product","2":"type-product","3":"status-publish","4":"has-post-thumbnail","6":"product_cat-environnement","7":"description-off","9":"first","10":"instock","11":"purchasable","12":"product-type-simple"},"_links":{"self":[{"href":"http:\/\/sigbetonarmee.com\/index.php?rest_route=\/wp\/v2\/product\/504"}],"collection":[{"href":"http:\/\/sigbetonarmee.com\/index.php?rest_route=\/wp\/v2\/product"}],"about":[{"href":"http:\/\/sigbetonarmee.com\/index.php?rest_route=\/wp\/v2\/types\/product"}],"wp:featuredmedia":[{"embeddable":true,"href":"http:\/\/sigbetonarmee.com\/index.php?rest_route=\/wp\/v2\/media\/532"}],"wp:attachment":[{"href":"http:\/\/sigbetonarmee.com\/index.php?rest_route=%2Fwp%2Fv2%2Fmedia&parent=504"}],"wp:term":[{"taxonomy":"product_cat","embeddable":true,"href":"http:\/\/sigbetonarmee.com\/index.php?rest_route=%2Fwp%2Fv2%2Fproduct_cat&post=504"},{"taxonomy":"product_tag","embeddable":true,"href":"http:\/\/sigbetonarmee.com\/index.php?rest_route=%2Fwp%2Fv2%2Fproduct_tag&post=504"}],"curies":[{"name":"wp","href":"https:\/\/api.w.org\/{rel}","templated":true}]}}